{"id":2,"date":"2025-09-26T13:45:06","date_gmt":"2025-09-26T13:45:06","guid":{"rendered":"http:\/\/www.mytcpachapaqui.net.pe\/?page_id=2"},"modified":"2025-09-26T20:40:54","modified_gmt":"2025-09-26T20:40:54","slug":"sample-page","status":"publish","type":"page","link":"https:\/\/www.mytcpachapaqui.net.pe\/?page_id=2","title":{"rendered":"Colaboradores claves"},"content":{"rendered":"\n<p>El personal que estar\u00e1 a cargo como l\u00ednea de mando en este contrato ser\u00e1n:<\/p>\n\n\n\n<p>Ing. Victor Gutierrez: Supervisor operativo<\/p>\n\n\n\n<p>Ing. Carlos Vega : Supervisor operativo<\/p>\n\n\n\n<p>Ing. Lina Montoya: Supervisor SSOMA<\/p>\n\n\n\n<p>Ing. Elvira Salazar: Supervisor SSOMA<\/p>\n\n\n\n<p>Sr. Juber Espinoza : Administrador de Obra<\/p>\n\n\n\n<p>Srta. Mayra Angel: Asistente administrativo<\/p>\n\n\n\n<blockquote class=\"wp-block-quote is-layout-flow wp-block-quote-is-layout-flow\">\n<p>\u00abNuestra meta es cero accidentes\u00bb<\/p>\n<\/blockquote>\n\n\n\n<p><\/p>\n\n\n\n<blockquote class=\"wp-block-quote is-layout-flow wp-block-quote-is-layout-flow\">\n<p>\u00abSomos respetuosos de las normas de seguridad \u00ab<\/p>\n<\/blockquote>\n\n\n\n<p>Tenemos presente que la reportabilidad de eventos es clave para evitar futuros accidentes!<\/p>\n\n\n\n<p><\/p>\n","protected":false},"excerpt":{"rendered":"<p>El personal que estar\u00e1 a cargo como l\u00ednea de mando en este contrato ser\u00e1n: Ing. Victor Gutierrez: Supervisor operativo Ing. Carlos Vega : Supervisor operativo Ing. Lina Montoya: Supervisor SSOMA Ing. Elvira Salazar: Supervisor SSOMA Sr. Juber Espinoza : Administrador de Obra Srta. Mayra Angel: Asistente administrativo \u00abNuestra meta es cero accidentes\u00bb \u00abSomos respetuosos de [&hellip;]<\/p>\n","protected":false},"author":1,"featured_media":0,"parent":0,"menu_order":0,"comment_status":"closed","ping_status":"open","template":"","meta":{"footnotes":""},"class_list":["post-2","page","type-page","status-publish","hentry"],"_links":{"self":[{"href":"https:\/\/www.mytcpachapaqui.net.pe\/index.php?rest_route=\/wp\/v2\/pages\/2","targetHints":{"allow":["GET"]}}],"collection":[{"href":"https:\/\/www.mytcpachapaqui.net.pe\/index.php?rest_route=\/wp\/v2\/pages"}],"about":[{"href":"https:\/\/www.mytcpachapaqui.net.pe\/index.php?rest_route=\/wp\/v2\/types\/page"}],"author":[{"embeddable":true,"href":"https:\/\/www.mytcpachapaqui.net.pe\/index.php?rest_route=\/wp\/v2\/users\/1"}],"replies":[{"embeddable":true,"href":"https:\/\/www.mytcpachapaqui.net.pe\/index.php?rest_route=%2Fwp%2Fv2%2Fcomments&post=2"}],"version-history":[{"count":3,"href":"https:\/\/www.mytcpachapaqui.net.pe\/index.php?rest_route=\/wp\/v2\/pages\/2\/revisions"}],"predecessor-version":[{"id":12,"href":"https:\/\/www.mytcpachapaqui.net.pe\/index.php?rest_route=\/wp\/v2\/pages\/2\/revisions\/12"}],"wp:attachment":[{"href":"https:\/\/www.mytcpachapaqui.net.pe\/index.php?rest_route=%2Fwp%2Fv2%2Fmedia&parent=2"}],"curies":[{"name":"wp","href":"https:\/\/api.w.org\/{rel}","templated":true}]}}